{"id":573,"date":"2022-01-01T14:42:15","date_gmt":"2022-01-01T14:42:15","guid":{"rendered":"http:\/\/dont-be-afraid-of-art.de\/?page_id=573"},"modified":"2024-04-19T10:52:28","modified_gmt":"2024-04-19T10:52:28","slug":"contact","status":"publish","type":"page","link":"https:\/\/dont-be-afraid-of-art.de\/en\/contact\/","title":{"rendered":"Contact"},"content":{"rendered":"<div data-elementor-type=\"wp-page\" data-elementor-id=\"573\" class=\"elementor elementor-573\" data-elementor-settings=\"[]\">\n\t\t\t\t\t\t\t<div class=\"elementor-section-wrap\">\n\t\t\t\t\t\t\t<section class=\"elementor-section elementor-top-section elementor-element elementor-element-7f1bdb83 elementor-section-height-min-height elementor-section-content-middle elementor-reverse-mobile elementor-section-boxed elementor-section-height-default elementor-section-items-middle\" data-id=\"7f1bdb83\" data-element_type=\"section\" data-settings=\"{&quot;background_background&quot;:&quot;classic&quot;,&quot;_ha_eqh_enable&quot;:false}\">\n\t\t\t\t\t\t\t<div class=\"elementor-background-overlay\"><\/div>\n\t\t\t\t\t\t\t<div class=\"elementor-container elementor-column-gap-no\">\n\t\t\t\t\t<div class=\"elementor-column elementor-col-50 elementor-top-column elementor-element elementor-element-44e0fc1e elementor-invisible\" data-id=\"44e0fc1e\" data-element_type=\"column\" data-settings=\"{&quot;animation&quot;:&quot;fadeInLeft&quot;}\">\n\t\t\t<div class=\"elementor-widget-wrap elementor-element-populated\">\n\t\t\t\t\t\t\t\t<div class=\"elementor-element elementor-element-7bbb257d elementor-widget elementor-widget-image\" data-id=\"7bbb257d\" data-element_type=\"widget\" data-widget_type=\"image.default\">\n\t\t\t\t<div class=\"elementor-widget-container\">\n\t\t\t\t\t\t\t\t\t\t\t\t\t\t\t<img decoding=\"async\" src=\"https:\/\/dont-be-afraid-of-art.de\/wp-content\/uploads\/elementor\/thumbs\/nicole_kontakt-pj3afsh2rbzd4uzgj7kbq4bs9v6weuxncydtarte7g.jpg\" title=\"nicole_kontakt\" alt=\"nicole_kontakt\" \/>\t\t\t\t\t\t\t\t\t\t\t\t\t\t\t<\/div>\n\t\t\t\t<\/div>\n\t\t\t\t\t<\/div>\n\t\t<\/div>\n\t\t\t\t<div class=\"elementor-column elementor-col-50 elementor-top-column elementor-element elementor-element-c63c663 elementor-invisible\" data-id=\"c63c663\" data-element_type=\"column\" data-settings=\"{&quot;animation&quot;:&quot;fadeInRight&quot;}\">\n\t\t\t<div class=\"elementor-widget-wrap elementor-element-populated\">\n\t\t\t\t\t\t\t\t<div class=\"elementor-element elementor-element-61f99748 elementor-widget elementor-widget-heading\" data-id=\"61f99748\" data-element_type=\"widget\" data-widget_type=\"heading.default\">\n\t\t\t\t<div class=\"elementor-widget-container\">\n\t\t\t<p class=\"elementor-heading-title elementor-size-default\">i look forward to your contact<\/p>\t\t<\/div>\n\t\t\t\t<\/div>\n\t\t\t\t<div class=\"elementor-element elementor-element-7c0e7aa0 elementor-widget elementor-widget-heading\" data-id=\"7c0e7aa0\" data-element_type=\"widget\" data-widget_type=\"heading.default\">\n\t\t\t\t<div class=\"elementor-widget-container\">\n\t\t\t<h1 class=\"elementor-heading-title elementor-size-default\">SEND A MESSAGE<\/h1>\t\t<\/div>\n\t\t\t\t<\/div>\n\t\t\t\t\t<\/div>\n\t\t<\/div>\n\t\t\t\t\t\t\t<\/div>\n\t\t<\/section>\n\t\t\t\t<section class=\"elementor-section elementor-top-section elementor-element elementor-element-e1b24f5 elementor-section-stretched elementor-section-full_width elementor-section-height-default elementor-section-height-default\" data-id=\"e1b24f5\" data-element_type=\"section\" data-settings=\"{&quot;stretch_section&quot;:&quot;section-stretched&quot;,&quot;_ha_eqh_enable&quot;:false}\">\n\t\t\t\t\t\t<div class=\"elementor-container elementor-column-gap-default\">\n\t\t\t\t\t<div class=\"elementor-column elementor-col-50 elementor-top-column elementor-element elementor-element-2adc7cd elementor-invisible\" data-id=\"2adc7cd\" data-element_type=\"column\" data-settings=\"{&quot;background_background&quot;:&quot;classic&quot;,&quot;animation&quot;:&quot;fadeInUp&quot;}\">\n\t\t\t<div class=\"elementor-widget-wrap elementor-element-populated\">\n\t\t\t\t\t<div class=\"elementor-background-overlay\"><\/div>\n\t\t\t\t\t\t\t\t<div class=\"elementor-element elementor-element-2746efd elementor-widget elementor-widget-heading\" data-id=\"2746efd\" data-element_type=\"widget\" data-widget_type=\"heading.default\">\n\t\t\t\t<div class=\"elementor-widget-container\">\n\t\t\t<h2 class=\"elementor-heading-title elementor-size-default\">GALLERY_ATELIER_showroom<\/h2>\t\t<\/div>\n\t\t\t\t<\/div>\n\t\t\t\t<div class=\"elementor-element elementor-element-568181c elementor-widget elementor-widget-text-editor\" data-id=\"568181c\" data-element_type=\"widget\" data-widget_type=\"text-editor.default\">\n\t\t\t\t<div class=\"elementor-widget-container\">\n\t\t\t\t\t\t\t<p style=\"text-align: left;\"><strong>contact to design &#8211; M\u00dcNCH Furniture Design<\/strong><\/p><p style=\"text-align: left;\"><strong>M\u00f6bel-Schreinerei\/Manufaktur_Showroom_Innenarchitektur-Design-Studio_Atelier<\/strong><\/p><p style=\"text-align: left;\">Br\u00fchlweg 26 b_D-74834 Elztal<br \/>+49(0)62 61.67 28 92<br \/>contact@contacttodesign.de<\/p><p style=\"text-align: left;\">L\u00f6westra\u00dfe 11_D-10249 Berlin<br \/>+49(0)30.40 50 50 39<br \/>berlin@contacttodesign.de<\/p><p style=\"text-align: left;\">muench-furnituredesign.de<br \/>m-box-forallnations.com<br \/>contact-art-design.de<br \/>raisethevoice.de<\/p><p>\u00a0<\/p><p><img loading=\"lazy\" decoding=\"async\" class=\"alignnone size-thumbnail wp-image-5052 alignleft\" src=\"https:\/\/dont-be-afraid-of-art.de\/wp-content\/uploads\/2024\/04\/cropped-ryv-logo_yellow-150x150.png\" alt=\"\" width=\"150\" height=\"150\" srcset=\"https:\/\/dont-be-afraid-of-art.de\/wp-content\/uploads\/2024\/04\/cropped-ryv-logo_yellow-150x150.png 150w, https:\/\/dont-be-afraid-of-art.de\/wp-content\/uploads\/2024\/04\/cropped-ryv-logo_yellow-300x300.png 300w, https:\/\/dont-be-afraid-of-art.de\/wp-content\/uploads\/2024\/04\/cropped-ryv-logo_yellow-12x12.png 12w, https:\/\/dont-be-afraid-of-art.de\/wp-content\/uploads\/2024\/04\/cropped-ryv-logo_yellow.png 512w\" sizes=\"auto, (max-width: 150px) 100vw, 150px\" \/><\/p><p>\u00a0<\/p><p>\u00a0<\/p><p>\u00a0<\/p><p style=\"text-align: left;\"><strong>Management &#8211; CONTACT ART DESIGN &#8211; GALLERY &amp; AGENCY<\/strong><br \/>Ute Hartmann<br \/>+49(0)160.94 11 52 47<br \/>contact@contactartdesign.de<\/p><p><img loading=\"lazy\" decoding=\"async\" class=\"wp-image-4598 alignleft\" src=\"https:\/\/dont-be-afraid-of-art.de\/wp-content\/uploads\/2024\/01\/logo_cad.png\" alt=\"\" width=\"151\" height=\"110\" srcset=\"https:\/\/dont-be-afraid-of-art.de\/wp-content\/uploads\/2024\/01\/logo_cad.png 254w, https:\/\/dont-be-afraid-of-art.de\/wp-content\/uploads\/2024\/01\/logo_cad-16x12.png 16w\" sizes=\"auto, (max-width: 151px) 100vw, 151px\" \/><\/p>\t\t\t\t\t\t<\/div>\n\t\t\t\t<\/div>\n\t\t\t\t\t<\/div>\n\t\t<\/div>\n\t\t\t\t<div class=\"elementor-column elementor-col-50 elementor-top-column elementor-element elementor-element-2215a0b elementor-invisible\" data-id=\"2215a0b\" data-element_type=\"column\" data-settings=\"{&quot;background_background&quot;:&quot;classic&quot;,&quot;animation&quot;:&quot;fadeInUp&quot;}\">\n\t\t\t<div class=\"elementor-widget-wrap elementor-element-populated\">\n\t\t\t\t\t<div class=\"elementor-background-overlay\"><\/div>\n\t\t\t\t\t\t\t\t<div class=\"elementor-element elementor-element-da6f674 elementor-widget elementor-widget-heading\" data-id=\"da6f674\" data-element_type=\"widget\" data-widget_type=\"heading.default\">\n\t\t\t\t<div class=\"elementor-widget-container\">\n\t\t\t<h2 class=\"elementor-heading-title elementor-size-default\">DROP A MESSAGE: contact@dontbeafraidofart.de<\/h2>\t\t<\/div>\n\t\t\t\t<\/div>\n\t\t\t\t<div class=\"elementor-element elementor-element-af42f36 elementor-widget elementor-widget-heading\" data-id=\"af42f36\" data-element_type=\"widget\" data-widget_type=\"heading.default\">\n\t\t\t\t<div class=\"elementor-widget-container\">\n\t\t\t<h2 class=\"elementor-heading-title elementor-size-default\">Nicole Doth <br>\nFon +49(0)151 19 34 0444 <br>\ndont-be-afraid-of-art.de <br>\n<br>\n<\/h2>\t\t<\/div>\n\t\t\t\t<\/div>\n\t\t\t\t\t<\/div>\n\t\t<\/div>\n\t\t\t\t\t\t\t<\/div>\n\t\t<\/section>\n\t\t\t\t<section class=\"elementor-section elementor-top-section elementor-element elementor-element-2ec32448 elementor-section-stretched elementor-section-full_width elementor-section-height-min-height elementor-section-height-default elementor-section-items-middle elementor-invisible\" data-id=\"2ec32448\" data-element_type=\"section\" data-settings=\"{&quot;stretch_section&quot;:&quot;section-stretched&quot;,&quot;animation&quot;:&quot;zoomIn&quot;,&quot;_ha_eqh_enable&quot;:false}\">\n\t\t\t\t\t\t<div class=\"elementor-container elementor-column-gap-no\">\n\t\t\t\t\t<div class=\"elementor-column elementor-col-100 elementor-top-column elementor-element elementor-element-27933b8d\" data-id=\"27933b8d\" data-element_type=\"column\">\n\t\t\t<div class=\"elementor-widget-wrap elementor-element-populated\">\n\t\t\t\t\t\t\t\t<div class=\"elementor-element elementor-element-135c3091 elementor-widget elementor-widget-google_maps\" data-id=\"135c3091\" data-element_type=\"widget\" data-widget_type=\"google_maps.default\">\n\t\t\t\t<div class=\"elementor-widget-container\">\n\t\t\t\t\t<div class=\"elementor-custom-embed\">\n\t\t\t<iframe frameborder=\"0\" scrolling=\"no\" marginheight=\"0\" marginwidth=\"0\"\n\t\t\t\t\tsrc=\"https:\/\/maps.google.com\/maps?q=Br%C3%BChlweg%2026b%2C%2074834%20Elztal-Dallau&#038;t=m&#038;z=17&#038;output=embed&#038;iwloc=near\"\n\t\t\t\t\ttitle=\"Br\u00fchlweg 26b, 74834 Elztal-Dallau\"\n\t\t\t\t\taria-label=\"Br\u00fchlweg 26b, 74834 Elztal-Dallau\"\n\t\t\t><\/iframe>\n\t\t<\/div>\n\t\t\t\t<\/div>\n\t\t\t\t<\/div>\n\t\t\t\t\t<\/div>\n\t\t<\/div>\n\t\t\t\t\t\t\t<\/div>\n\t\t<\/section>\n\t\t\t\t<section class=\"elementor-section elementor-top-section elementor-element elementor-element-7e0b8838 elementor-section-height-min-height animated-slow elementor-section-boxed elementor-section-height-default elementor-section-items-middle elementor-invisible\" data-id=\"7e0b8838\" data-element_type=\"section\" data-settings=\"{&quot;background_background&quot;:&quot;classic&quot;,&quot;animation&quot;:&quot;fadeInUp&quot;,&quot;_ha_eqh_enable&quot;:false}\">\n\t\t\t\t\t\t\t<div class=\"elementor-background-overlay\"><\/div>\n\t\t\t\t\t\t\t<div class=\"elementor-container elementor-column-gap-default\">\n\t\t\t\t\t<div class=\"elementor-column elementor-col-100 elementor-top-column elementor-element elementor-element-28138aae\" data-id=\"28138aae\" data-element_type=\"column\">\n\t\t\t<div class=\"elementor-widget-wrap elementor-element-populated\">\n\t\t\t\t\t\t\t\t<section class=\"elementor-section elementor-inner-section elementor-element elementor-element-1dbbdd4f elementor-section-boxed elementor-section-height-default elementor-section-height-default\" data-id=\"1dbbdd4f\" data-element_type=\"section\" data-settings=\"{&quot;_ha_eqh_enable&quot;:false}\">\n\t\t\t\t\t\t<div class=\"elementor-container elementor-column-gap-default\">\n\t\t\t\t\t<div class=\"elementor-column elementor-col-100 elementor-inner-column elementor-element elementor-element-3c5b9791\" data-id=\"3c5b9791\" data-element_type=\"column\">\n\t\t\t<div class=\"elementor-widget-wrap elementor-element-populated\">\n\t\t\t\t\t\t\t\t<div class=\"elementor-element elementor-element-6f816a00 elementor-widget elementor-widget-heading\" data-id=\"6f816a00\" data-element_type=\"widget\" data-widget_type=\"heading.default\">\n\t\t\t\t<div class=\"elementor-widget-container\">\n\t\t\t<h2 class=\"elementor-heading-title elementor-size-default\">Let's Connect - in any way!<\/h2>\t\t<\/div>\n\t\t\t\t<\/div>\n\t\t\t\t<div class=\"elementor-element elementor-element-3626eeaf elementor-widget elementor-widget-text-editor\" data-id=\"3626eeaf\" data-element_type=\"widget\" data-widget_type=\"text-editor.default\">\n\t\t\t\t<div class=\"elementor-widget-container\">\n\t\t\t\t\t\t\t<p style=\"text-align: center;\" class=\" translation-block\">Become part of my artworks_masterpieces_designs.\nWould you like to purchase your \"dontbeafraidofart\" unique piece, a limited one-off item or a high-quality print?\nOr are you also an artist_designer_creative, looking for an exchange\/collaboration?\nThen don't hesitate to write to me.\nI look forward to meeting you.<\/p>\t\t\t\t\t\t<\/div>\n\t\t\t\t<\/div>\n\t\t\t\t<div class=\"elementor-element elementor-element-2324ac71 elementor-shape-circle elementor-grid-0 e-grid-align-center elementor-widget elementor-widget-social-icons\" data-id=\"2324ac71\" data-element_type=\"widget\" data-widget_type=\"social-icons.default\">\n\t\t\t\t<div class=\"elementor-widget-container\">\n\t\t\t\t\t<div class=\"elementor-social-icons-wrapper elementor-grid\">\n\t\t\t\t\t\t\t<span class=\"elementor-grid-item\">\n\t\t\t\t\t<a class=\"elementor-icon elementor-social-icon elementor-social-icon-instagram elementor-animation-bounce-in elementor-repeater-item-c8ab8e6\" href=\"https:\/\/www.instagram.com\/dontbeafraidofart\/\" target=\"_blank\">\n\t\t\t\t\t\t<span class=\"elementor-screen-only\">Instagram<\/span>\n\t\t\t\t\t\t<i class=\"fab fa-instagram\"><\/i>\t\t\t\t\t<\/a>\n\t\t\t\t<\/span>\n\t\t\t\t\t<\/div>\n\t\t\t\t<\/div>\n\t\t\t\t<\/div>\n\t\t\t\t\t<\/div>\n\t\t<\/div>\n\t\t\t\t\t\t\t<\/div>\n\t\t<\/section>\n\t\t\t\t\t<\/div>\n\t\t<\/div>\n\t\t\t\t\t\t\t<\/div>\n\t\t<\/section>\n\t\t\t\t\t\t<\/div>\n\t\t\t\t\t<\/div>","protected":false},"excerpt":{"rendered":"<p>i look forward to your contact SEND A MESSAGE GALLERY_ATELIER_showroom contact to design &#8211; M\u00dcNCH Furniture Design M\u00f6bel-Schreinerei\/Manufaktur_Showroom_Innenarchitektur-Design-Studio_Atelier Br\u00fchlweg 26 b_D-74834 Elztal+49(0)62 61.67 28 92contact@contacttodesign.de L\u00f6westra\u00dfe 11_D-10249 Berlin+49(0)30.40 50 50 39berlin@contacttodesign.de muench-furnituredesign.dem-box-forallnations.comcontact-art-design.deraisethevoice.de \u00a0 \u00a0 \u00a0 \u00a0 Management &#8211; CONTACT ART DESIGN &#8211; GALLERY &amp; AGENCYUte Hartmann+49(0)160.94 11 52 47contact@contactartdesign.de DROP A MESSAGE: contact@dontbeafraidofart.de Nicole Doth &hellip;<\/p>\n<p class=\"read-more\"> <a class=\"\" href=\"https:\/\/dont-be-afraid-of-art.de\/en\/contact\/\"> <span class=\"screen-reader-text\">Contact<\/span> Read More &raquo;<\/a><\/p>","protected":false},"author":1,"featured_media":0,"parent":0,"menu_order":0,"comment_status":"closed","ping_status":"closed","template":"","meta":{"site-sidebar-layout":"no-sidebar","site-content-layout":"page-builder","ast-main-header-display":"","ast-hfb-above-header-display":"","ast-hfb-below-header-display":"","ast-hfb-mobile-header-display":"","site-post-title":"disabled","ast-breadcrumbs-content":"","ast-featured-img":"disabled","footer-sml-layout":"","theme-transparent-header-meta":"","adv-header-id-meta":"","stick-header-meta":"","header-above-stick-meta":"","header-main-stick-meta":"","header-below-stick-meta":"","footnotes":""},"class_list":["post-573","page","type-page","status-publish","hentry"],"yoast_head":"<!-- This site is optimized with the Yoast SEO plugin v17.9 - https:\/\/yoast.com\/wordpress\/plugins\/seo\/ -->\n<title>Contact - dontbeadraifofart<\/title>\n<meta name=\"robots\" content=\"index, follow, max-snippet:-1, max-image-preview:large, max-video-preview:-1\" \/>\n<link rel=\"canonical\" href=\"https:\/\/dont-be-afraid-of-art.de\/en\/contact\/\" \/>\n<meta property=\"og:locale\" content=\"en_GB\" \/>\n<meta property=\"og:type\" content=\"article\" \/>\n<meta property=\"og:title\" content=\"Contact - dontbeadraifofart\" \/>\n<meta property=\"og:description\" content=\"i look forward to your contact SEND A MESSAGE GALLERY_ATELIER_showroom contact to design &#8211; M\u00dcNCH Furniture Design M\u00f6bel-Schreinerei\/Manufaktur_Showroom_Innenarchitektur-Design-Studio_Atelier Br\u00fchlweg 26 b_D-74834 Elztal+49(0)62 61.67 28 92contact@contacttodesign.de L\u00f6westra\u00dfe 11_D-10249 Berlin+49(0)30.40 50 50 39berlin@contacttodesign.de muench-furnituredesign.dem-box-forallnations.comcontact-art-design.deraisethevoice.de \u00a0 \u00a0 \u00a0 \u00a0 Management &#8211; CONTACT ART DESIGN &#8211; GALLERY &amp; AGENCYUte Hartmann+49(0)160.94 11 52 47contact@contactartdesign.de DROP A MESSAGE: contact@dontbeafraidofart.de Nicole Doth &hellip; Contact Read More &raquo;\" \/>\n<meta property=\"og:url\" content=\"https:\/\/dont-be-afraid-of-art.de\/en\/contact\/\" \/>\n<meta property=\"og:site_name\" content=\"dontbeadraifofart\" \/>\n<meta property=\"article:modified_time\" content=\"2024-04-19T10:52:28+00:00\" \/>\n<meta property=\"og:image\" content=\"https:\/\/dont-be-afraid-of-art.de\/wp-content\/uploads\/elementor\/thumbs\/nicole_kontakt-pj3afsh2rbzd4uzgj7kbq4bs9v6weuxncydt0ul62o.jpg\" \/>\n<meta name=\"twitter:card\" content=\"summary_large_image\" \/>\n<meta name=\"twitter:label1\" content=\"Estimated reading time\" \/>\n\t<meta name=\"twitter:data1\" content=\"1 minute\" \/>\n<script type=\"application\/ld+json\" class=\"yoast-schema-graph\">{\"@context\":\"https:\/\/schema.org\",\"@graph\":[{\"@type\":\"WebSite\",\"@id\":\"https:\/\/dont-be-afraid-of-art.de\/#website\",\"url\":\"https:\/\/dont-be-afraid-of-art.de\/\",\"name\":\"dontbeadraifofart\",\"description\":\"\",\"potentialAction\":[{\"@type\":\"SearchAction\",\"target\":{\"@type\":\"EntryPoint\",\"urlTemplate\":\"https:\/\/dont-be-afraid-of-art.de\/?s={search_term_string}\"},\"query-input\":\"required name=search_term_string\"}],\"inLanguage\":\"en-GB\"},{\"@type\":\"ImageObject\",\"@id\":\"https:\/\/dont-be-afraid-of-art.de\/contact\/#primaryimage\",\"inLanguage\":\"en-GB\",\"url\":\"https:\/\/dont-be-afraid-of-art.de\/wp-content\/uploads\/elementor\/thumbs\/nicole_kontakt-pj3afsh2rbzd4uzgj7kbq4bs9v6weuxncydt0ul62o.jpg\",\"contentUrl\":\"https:\/\/dont-be-afraid-of-art.de\/wp-content\/uploads\/elementor\/thumbs\/nicole_kontakt-pj3afsh2rbzd4uzgj7kbq4bs9v6weuxncydt0ul62o.jpg\"},{\"@type\":\"WebPage\",\"@id\":\"https:\/\/dont-be-afraid-of-art.de\/contact\/#webpage\",\"url\":\"https:\/\/dont-be-afraid-of-art.de\/contact\/\",\"name\":\"Contact - dontbeadraifofart\",\"isPartOf\":{\"@id\":\"https:\/\/dont-be-afraid-of-art.de\/#website\"},\"primaryImageOfPage\":{\"@id\":\"https:\/\/dont-be-afraid-of-art.de\/contact\/#primaryimage\"},\"datePublished\":\"2022-01-01T14:42:15+00:00\",\"dateModified\":\"2024-04-19T10:52:28+00:00\",\"breadcrumb\":{\"@id\":\"https:\/\/dont-be-afraid-of-art.de\/contact\/#breadcrumb\"},\"inLanguage\":\"en-GB\",\"potentialAction\":[{\"@type\":\"ReadAction\",\"target\":[\"https:\/\/dont-be-afraid-of-art.de\/contact\/\"]}]},{\"@type\":\"BreadcrumbList\",\"@id\":\"https:\/\/dont-be-afraid-of-art.de\/contact\/#breadcrumb\",\"itemListElement\":[{\"@type\":\"ListItem\",\"position\":1,\"name\":\"Startseite\",\"item\":\"https:\/\/dont-be-afraid-of-art.de\/\"},{\"@type\":\"ListItem\",\"position\":2,\"name\":\"Contact\"}]}]}<\/script>\n<!-- \/ Yoast SEO plugin. -->","yoast_head_json":{"title":"Contact - dontbeadraifofart","robots":{"index":"index","follow":"follow","max-snippet":"max-snippet:-1","max-image-preview":"max-image-preview:large","max-video-preview":"max-video-preview:-1"},"canonical":"https:\/\/dont-be-afraid-of-art.de\/en\/contact\/","og_locale":"en_GB","og_type":"article","og_title":"Contact - dontbeadraifofart","og_description":"i look forward to your contact SEND A MESSAGE GALLERY_ATELIER_showroom contact to design &#8211; M\u00dcNCH Furniture Design M\u00f6bel-Schreinerei\/Manufaktur_Showroom_Innenarchitektur-Design-Studio_Atelier Br\u00fchlweg 26 b_D-74834 Elztal+49(0)62 61.67 28 92contact@contacttodesign.de L\u00f6westra\u00dfe 11_D-10249 Berlin+49(0)30.40 50 50 39berlin@contacttodesign.de muench-furnituredesign.dem-box-forallnations.comcontact-art-design.deraisethevoice.de \u00a0 \u00a0 \u00a0 \u00a0 Management &#8211; CONTACT ART DESIGN &#8211; GALLERY &amp; AGENCYUte Hartmann+49(0)160.94 11 52 47contact@contactartdesign.de DROP A MESSAGE: contact@dontbeafraidofart.de Nicole Doth &hellip; Contact Read More &raquo;","og_url":"https:\/\/dont-be-afraid-of-art.de\/en\/contact\/","og_site_name":"dontbeadraifofart","article_modified_time":"2024-04-19T10:52:28+00:00","og_image":[{"url":"https:\/\/dont-be-afraid-of-art.de\/wp-content\/uploads\/elementor\/thumbs\/nicole_kontakt-pj3afsh2rbzd4uzgj7kbq4bs9v6weuxncydt0ul62o.jpg"}],"twitter_card":"summary_large_image","twitter_misc":{"Estimated reading time":"1 minute"},"schema":{"@context":"https:\/\/schema.org","@graph":[{"@type":"WebSite","@id":"https:\/\/dont-be-afraid-of-art.de\/#website","url":"https:\/\/dont-be-afraid-of-art.de\/","name":"dontbeadraifofart","description":"","potentialAction":[{"@type":"SearchAction","target":{"@type":"EntryPoint","urlTemplate":"https:\/\/dont-be-afraid-of-art.de\/?s={search_term_string}"},"query-input":"required name=search_term_string"}],"inLanguage":"en-GB"},{"@type":"ImageObject","@id":"https:\/\/dont-be-afraid-of-art.de\/contact\/#primaryimage","inLanguage":"en-GB","url":"https:\/\/dont-be-afraid-of-art.de\/wp-content\/uploads\/elementor\/thumbs\/nicole_kontakt-pj3afsh2rbzd4uzgj7kbq4bs9v6weuxncydt0ul62o.jpg","contentUrl":"https:\/\/dont-be-afraid-of-art.de\/wp-content\/uploads\/elementor\/thumbs\/nicole_kontakt-pj3afsh2rbzd4uzgj7kbq4bs9v6weuxncydt0ul62o.jpg"},{"@type":"WebPage","@id":"https:\/\/dont-be-afraid-of-art.de\/contact\/#webpage","url":"https:\/\/dont-be-afraid-of-art.de\/contact\/","name":"Contact - dontbeadraifofart","isPartOf":{"@id":"https:\/\/dont-be-afraid-of-art.de\/#website"},"primaryImageOfPage":{"@id":"https:\/\/dont-be-afraid-of-art.de\/contact\/#primaryimage"},"datePublished":"2022-01-01T14:42:15+00:00","dateModified":"2024-04-19T10:52:28+00:00","breadcrumb":{"@id":"https:\/\/dont-be-afraid-of-art.de\/contact\/#breadcrumb"},"inLanguage":"en-GB","potentialAction":[{"@type":"ReadAction","target":["https:\/\/dont-be-afraid-of-art.de\/contact\/"]}]},{"@type":"BreadcrumbList","@id":"https:\/\/dont-be-afraid-of-art.de\/contact\/#breadcrumb","itemListElement":[{"@type":"ListItem","position":1,"name":"Startseite","item":"https:\/\/dont-be-afraid-of-art.de\/"},{"@type":"ListItem","position":2,"name":"Contact"}]}]}},"_links":{"self":[{"href":"https:\/\/dont-be-afraid-of-art.de\/en\/wp-json\/wp\/v2\/pages\/573","targetHints":{"allow":["GET"]}}],"collection":[{"href":"https:\/\/dont-be-afraid-of-art.de\/en\/wp-json\/wp\/v2\/pages"}],"about":[{"href":"https:\/\/dont-be-afraid-of-art.de\/en\/wp-json\/wp\/v2\/types\/page"}],"author":[{"embeddable":true,"href":"https:\/\/dont-be-afraid-of-art.de\/en\/wp-json\/wp\/v2\/users\/1"}],"replies":[{"embeddable":true,"href":"https:\/\/dont-be-afraid-of-art.de\/en\/wp-json\/wp\/v2\/comments?post=573"}],"version-history":[{"count":106,"href":"https:\/\/dont-be-afraid-of-art.de\/en\/wp-json\/wp\/v2\/pages\/573\/revisions"}],"predecessor-version":[{"id":5262,"href":"https:\/\/dont-be-afraid-of-art.de\/en\/wp-json\/wp\/v2\/pages\/573\/revisions\/5262"}],"wp:attachment":[{"href":"https:\/\/dont-be-afraid-of-art.de\/en\/wp-json\/wp\/v2\/media?parent=573"}],"curies":[{"name":"wp","href":"https:\/\/api.w.org\/{rel}","templated":true}]}}